{"id":71,"date":"2018-05-04T17:48:41","date_gmt":"2018-05-04T15:48:41","guid":{"rendered":"http:\/\/www.physiotherapie-blumenthal.de\/?page_id=71"},"modified":"2022-12-13T19:52:02","modified_gmt":"2022-12-13T18:52:02","slug":"unser-angebot","status":"publish","type":"page","link":"https:\/\/www.physiotherapie-blumenthal.de\/?page_id=71","title":{"rendered":"Unser Angebot"},"content":{"rendered":"\n<p>Wir bieten folgende Leistungen:<\/p>\n\n\n\n<h2 class=\"wp-block-heading\"><strong>Physiotherapie \/Physiotherapie \/Krankengymnastik<\/strong><\/h2>\n\n\n<div class=\"wp-block-image\">\n<figure class=\"alignleft\"><a href=\"http:\/\/www.physiotherapie-blumenthal.de\/wp-content\/uploads\/2018\/09\/PHOTO-2018-08-19-12-50-28-6.jpg\"><img loading=\"lazy\" decoding=\"async\" width=\"300\" height=\"225\" src=\"http:\/\/www.physiotherapie-blumenthal.de\/wp-content\/uploads\/2018\/09\/PHOTO-2018-08-19-12-50-28-6-300x225.jpg\" alt=\"\" class=\"wp-image-124\" srcset=\"https:\/\/www.physiotherapie-blumenthal.de\/wp-content\/uploads\/2018\/09\/PHOTO-2018-08-19-12-50-28-6-300x225.jpg 300w, https:\/\/www.physiotherapie-blumenthal.de\/wp-content\/uploads\/2018\/09\/PHOTO-2018-08-19-12-50-28-6-768x576.jpg 768w, https:\/\/www.physiotherapie-blumenthal.de\/wp-content\/uploads\/2018\/09\/PHOTO-2018-08-19-12-50-28-6.jpg 1024w\" sizes=\"auto, (max-width: 300px) 100vw, 300px\" \/><\/a><\/figure>\n<\/div>\n\n\n<p>Krankengymnastische Behandlungstechniken dienen z. B. der Behandlung von Fehlentwicklungen, Erkrankungen, Verletzungsfolgen und Funktionsst\u00f6rungen der Haltung \u2013 und Bewegungsorgane sowie der inneren Organe und des Nervensystems mit mobilisierenden und stabilisierenden \u00dcbungen und Techniken zur Verbesserung der passiven Beweglichkeit, der Muskeltonus \u2013 Regulierung sowie zur Kr\u00e4ftigung und Aktivierung geschw\u00e4chter Muskulatur. Sie dienen weiterhin der Behandlung von Folgen psychischer und psychophysischer St\u00f6rungen im Bereich der Bewegungsorgane.<span class=\"Apple-converted-space\">\u00a0<\/span><\/p>\n\n\n\n<h2 class=\"wp-block-heading\"><strong>Manuelle Therapie<\/strong><\/h2>\n\n\n<div class=\"wp-block-image\">\n<figure class=\"alignleft\"><a href=\"http:\/\/www.physiotherapie-blumenthal.de\/wp-content\/uploads\/2018\/09\/PHOTO-2018-08-19-12-50-28-8.jpg\"><img loading=\"lazy\" decoding=\"async\" width=\"231\" height=\"300\" src=\"http:\/\/www.physiotherapie-blumenthal.de\/wp-content\/uploads\/2018\/09\/PHOTO-2018-08-19-12-50-28-8-231x300.jpg\" alt=\"\" class=\"wp-image-126\" srcset=\"https:\/\/www.physiotherapie-blumenthal.de\/wp-content\/uploads\/2018\/09\/PHOTO-2018-08-19-12-50-28-8-231x300.jpg 231w, https:\/\/www.physiotherapie-blumenthal.de\/wp-content\/uploads\/2018\/09\/PHOTO-2018-08-19-12-50-28-8.jpg 640w\" sizes=\"auto, (max-width: 231px) 100vw, 231px\" \/><\/a><\/figure>\n<\/div>\n\n\n<p>Auffinden und Behandeln von Dysfunktionen am Bewegungsapparat. Zielsetzung ist der Erhalt und\/oder die Wiederherstellung normaler Funktionen im Gelenk und allen funktionell und strukturell damit verbundenen Geweben des gesamten Bewegungsapparates.<\/p>\n\n\n\n<h2 class=\"wp-block-heading\"><strong>Manuelle Lymphdrainage<\/strong><\/h2>\n\n\n\n<p>Die manuelle Lymphdrainage dient haupts\u00e4chlich als Entstauungstherapie geschwollener K\u00f6rperregionen.<\/p>\n\n\n\n<h2 class=\"wp-block-heading\"><strong>Bobath \u2013 Therapie<\/strong><\/h2>\n\n\n\n<p>Die Bobath \u2013 Therapie wird bei neurologischen Erkrankungen eingesetzt. Pathologische Bewegungsmuster werden korrigiert bez. Gehemmt und physiologische Bewegungsmuster werden angebahnt. Die Behandlung gr\u00fcndet auf Hemmung von abnormalen Reflexaktivit\u00e4ten und dem Wiedererlernen erleichteter, normaler Bewegung.<\/p>\n\n\n\n<h2 class=\"wp-block-heading\"><strong>Craniosacral \u2013 Therapie<\/strong><\/h2>\n\n\n<div class=\"wp-block-image\">\n<figure class=\"alignleft\"><a href=\"http:\/\/www.physiotherapie-blumenthal.de\/wp-content\/uploads\/2018\/09\/PHOTO-2018-08-19-12-54-54-7.jpg\"><img loading=\"lazy\" decoding=\"async\" width=\"225\" height=\"300\" src=\"http:\/\/www.physiotherapie-blumenthal.de\/wp-content\/uploads\/2018\/09\/PHOTO-2018-08-19-12-54-54-7-225x300.jpg\" alt=\"\" class=\"wp-image-143\" srcset=\"https:\/\/www.physiotherapie-blumenthal.de\/wp-content\/uploads\/2018\/09\/PHOTO-2018-08-19-12-54-54-7-225x300.jpg 225w, https:\/\/www.physiotherapie-blumenthal.de\/wp-content\/uploads\/2018\/09\/PHOTO-2018-08-19-12-54-54-7.jpg 768w\" sizes=\"auto, (max-width: 225px) 100vw, 225px\" \/><\/a><\/figure>\n<\/div>\n\n\n<p>Mit der Bezeichnung \u201eCraniosacral\u201c ist die funktionelle Einheit zwischen \u201eCranium\u201c ( Sch\u00e4del) und \u201eSacrum\u201c ( Kreuzbein ) gemeint. Diese sind \u00fcber die Wirbels\u00e4ule miteinander verbunden.<\/p>\n\n\n\n<p>Die Craniosacral \u2013 Therapie ist eine \u00e4u\u00dferst sanfte und tiefgreifende manuelle Technik, die auf allen k\u00f6rperlichen und seelischen Ebenen ausgleichend und harmonisierend wirkt.<span class=\"Apple-converted-space\">&nbsp;<\/span><\/p>\n\n\n\n<p><\/p>\n\n\n\n<p><\/p>\n\n\n\n<h2 class=\"wp-block-heading\"><strong>PNF \u2013 Therapie<\/strong><\/h2>\n\n\n<div class=\"wp-block-image\">\n<figure class=\"alignleft\"><a href=\"http:\/\/www.physiotherapie-blumenthal.de\/wp-content\/uploads\/2018\/11\/pnf2.jpg\"><img loading=\"lazy\" decoding=\"async\" width=\"300\" height=\"200\" src=\"http:\/\/www.physiotherapie-blumenthal.de\/wp-content\/uploads\/2018\/11\/pnf2-300x200.jpg\" alt=\"\" class=\"wp-image-194\" srcset=\"https:\/\/www.physiotherapie-blumenthal.de\/wp-content\/uploads\/2018\/11\/pnf2-300x200.jpg 300w, https:\/\/www.physiotherapie-blumenthal.de\/wp-content\/uploads\/2018\/11\/pnf2-768x512.jpg 768w, https:\/\/www.physiotherapie-blumenthal.de\/wp-content\/uploads\/2018\/11\/pnf2.jpg 1024w\" sizes=\"auto, (max-width: 300px) 100vw, 300px\" \/><\/a><\/figure>\n<\/div>\n\n\n<p>Durch gezielte Stimulation werden Gelenke, Sehnen und die Muskeln aktiviert. Die Wahrnehmung wird gef\u00f6rdert, wodurch die Bewegungsorganisation verbessert wird<\/p>\n\n\n\n<h2 class=\"wp-block-heading\"><strong>Schlingentisch<\/strong><\/h2>\n\n\n<div class=\"wp-block-image\">\n<figure class=\"alignleft\"><a href=\"http:\/\/www.physiotherapie-blumenthal.de\/wp-content\/uploads\/2018\/09\/PHOTO-2018-08-19-12-50-28-9.jpg\"><img loading=\"lazy\" decoding=\"async\" width=\"225\" height=\"300\" src=\"http:\/\/www.physiotherapie-blumenthal.de\/wp-content\/uploads\/2018\/09\/PHOTO-2018-08-19-12-50-28-9-225x300.jpg\" alt=\"\" class=\"wp-image-127\" srcset=\"https:\/\/www.physiotherapie-blumenthal.de\/wp-content\/uploads\/2018\/09\/PHOTO-2018-08-19-12-50-28-9-225x300.jpg 225w, https:\/\/www.physiotherapie-blumenthal.de\/wp-content\/uploads\/2018\/09\/PHOTO-2018-08-19-12-50-28-9.jpg 768w\" sizes=\"auto, (max-width: 225px) 100vw, 225px\" \/><\/a><\/figure>\n<\/div>\n\n\n<p>Bei der Behandlung im Schlingentisch werden komprimierte Nervenwurzeln und Gelenkstrukturen an der Wirbels\u00e4ule, Becken, Knie, Schulter und H\u00fcftgelenk entlastet und somit Schmerzen gelindert.<\/p>\n\n\n\n<h2 class=\"wp-block-heading\"><strong>Tapen<\/strong><\/h2>\n\n\n<div class=\"wp-block-image\">\n<figure class=\"alignleft\"><a href=\"http:\/\/www.physiotherapie-blumenthal.de\/wp-content\/uploads\/2018\/09\/PHOTO-2018-08-19-12-54-45.jpg\"><img loading=\"lazy\" decoding=\"async\" width=\"294\" height=\"300\" src=\"http:\/\/www.physiotherapie-blumenthal.de\/wp-content\/uploads\/2018\/09\/PHOTO-2018-08-19-12-54-45-294x300.jpg\" alt=\"\" class=\"wp-image-134\" srcset=\"https:\/\/www.physiotherapie-blumenthal.de\/wp-content\/uploads\/2018\/09\/PHOTO-2018-08-19-12-54-45-294x300.jpg 294w, https:\/\/www.physiotherapie-blumenthal.de\/wp-content\/uploads\/2018\/09\/PHOTO-2018-08-19-12-54-45-768x783.jpg 768w, https:\/\/www.physiotherapie-blumenthal.de\/wp-content\/uploads\/2018\/09\/PHOTO-2018-08-19-12-54-45.jpg 822w\" sizes=\"auto, (max-width: 294px) 100vw, 294px\" \/><\/a><\/figure>\n<\/div>\n\n\n<p>Beim Tapen werden spezielle Klebeb\u00e4nder auf der Haut fixiert. Bei Bewegung des K\u00f6rpers entstehen dadurch Reize, die die Aktivierung der Rezeptoren hervorrufen und damit die Selbstheilungskr\u00e4fte f\u00f6rdern.<\/p>\n\n\n\n<h2 class=\"wp-block-heading\"><strong>Physikalische Therapie<\/strong><\/h2>\n\n\n\n<p>Hei\u00dfluft <span class=\"Apple-converted-space\">&nbsp; &nbsp; &nbsp; &nbsp; &nbsp; &nbsp; &nbsp; &nbsp; &nbsp; &nbsp; &nbsp; &nbsp; &nbsp; &nbsp; &nbsp; &nbsp; &nbsp; &nbsp; &nbsp; &nbsp;<\/span><\/p>\n\n\n\n<p>Elektrotherapie\/Ultraschall<\/p>\n\n\n\n<p>Fango<\/p>\n\n\n\n<h2 class=\"wp-block-heading\"><strong>K\u00e4lte\/Kryotherapie<\/strong><\/h2>\n\n\n\n<p>Hei\u00dfluft: dient der Behandlungsvorbereitung, um die Muskulatur zu entspannen und Schmerzen zu reduzieren.<\/p>\n\n\n\n<p>Ultraschall: hat entz\u00fcndungshemmende Wirkung in den tieferen Gewebeschichten. Die Zellen werden aktiviert, so dass sich Heilung verbessert.<\/p>\n\n\n\n<p>Fango: Durch die W\u00e4rmepackung wird die Durchblutung und der Stoffwechsel gef\u00f6rdert. Schmerzen werden reduziert und das vegetative Nervensystem wird positiv beeinflusst. Durch die lokale W\u00e4rmeanwendung wird das Gewebe entspannt.<\/p>\n\n\n\n<p>K\u00e4lte\/Kryotherapie: Die K\u00e4lteanwendung dient der Schmerzreduktion, wirkt abschwellend und entz\u00fcndungshemmend.<\/p>\n\n\n\n<h2 class=\"wp-block-heading\"><strong>Klassische Massage<\/strong><\/h2>\n\n\n\n<p>Die klassische Massage dient der mechanischen Beeinflussung von Haut, Bindegewebe und Muskulatur durch Dehnung -, Zug -, und Druckreiz. Die Wirkung der Massage erstreckt sich von der behandelten Stelle des K\u00f6rpers \u00fcber den gesamten Organismus, was auch die Psyche miteinschlie\u00dft.<\/p>\n\n\n\n<h2 class=\"wp-block-heading\"><strong>Fu\u00dfreflexzonenmassageFu\u00dfreflexzonenmassage<\/strong><\/h2>\n\n\n\n<p>Durch die Massage der Reflexzonen l\u00f6sen wir Blockaden, bauen Spannungszust\u00e4nde ab und erm\u00f6glichen damit den k\u00f6rpereigenen Energien wieder voll aktiv zu werden. Alles im K\u00f6rper und auch in den Emotionen kommt wieder auf eine gesunde Art zum Flie\u00dfen.<\/p>\n\n\n\n<h2 class=\"wp-block-heading\"><strong>Hot Stone \u2013 Massage<\/strong><\/h2>\n\n\n\n<p>Die vitalisierende Stone \u2013 Massage wirkt sich mehrfach positiv auf das vegetative Nervensystem aus \u2013 zum einen beruhigend und ausgleichend, zum anderen anregend und aktivierend. Der Einsatz warmer und kalter Steine erm\u00f6glicht eine Harmonisierung, l\u00f6st Spannungszust\u00e4nde und setzt w\u00e4hrend der Behandlung zus\u00e4tzliche thermische und taktile Impulse. Die Muskulatur wird besonders tief gelockert, die Durchblutung der Kapillaren angeregt, der Stoffwechsel beschleunigt und der Lymphabfluss unterst\u00fctzt.<\/p>\n\n\n\n<h2 class=\"wp-block-heading\"><strong>Schr\u00f6pfmassage<\/strong><\/h2>\n\n\n\n<p>Beim Schr\u00f6pfen werden Sauggl\u00e4ser auf die Haut gesetzt, was einen Unterdruck in der Saugglocke erzeugt. Dadurch wird das darunterliegende Gewebe hochgezogen, um eine bessere Durchblutung und eine Lockerung des Gewebes auszul\u00f6sen.<span class=\"Apple-converted-space\">&nbsp;<\/span><\/p>\n\n\n\n<h2 class=\"wp-block-heading\"><strong>Physiomobil<\/strong><\/h2>\n\n\n<div class=\"wp-block-image\">\n<figure class=\"aligncenter\"><a href=\"http:\/\/www.physiotherapie-blumenthal.de\/wp-content\/uploads\/2018\/09\/PHOTO-2018-08-19-12-49-46.jpg\"><img loading=\"lazy\" decoding=\"async\" width=\"300\" height=\"169\" src=\"http:\/\/www.physiotherapie-blumenthal.de\/wp-content\/uploads\/2018\/09\/PHOTO-2018-08-19-12-49-46-300x169.jpg\" alt=\"\" class=\"wp-image-118\" srcset=\"https:\/\/www.physiotherapie-blumenthal.de\/wp-content\/uploads\/2018\/09\/PHOTO-2018-08-19-12-49-46-300x169.jpg 300w, https:\/\/www.physiotherapie-blumenthal.de\/wp-content\/uploads\/2018\/09\/PHOTO-2018-08-19-12-49-46-768x433.jpg 768w, https:\/\/www.physiotherapie-blumenthal.de\/wp-content\/uploads\/2018\/09\/PHOTO-2018-08-19-12-49-46.jpg 1024w\" sizes=\"auto, (max-width: 300px) 100vw, 300px\" \/><\/a><\/figure>\n<\/div>\n\n\n<p>Wenn es ihre pers\u00f6nliche Situation erforderlich macht, behandeln wir sie auch in ihren eigen vier W\u00e4nden ( Hausbesuch ) Daf\u00fcr ben\u00f6tigen Sie eine entsprechende Verordnung ihres Arztes.<\/p>\n","protected":false},"excerpt":{"rendered":"<p>Wir bieten folgende Leistungen: Physiotherapie \/Physiotherapie \/Krankengymnastik Krankengymnastische Behandlungstechniken dienen z. B. der Behandlung von Fehlentwicklungen, Erkrankungen, Verletzungsfolgen und Funktionsst\u00f6rungen der Haltung \u2013 und Bewegungsorgane sowie der inneren Organe und des Nervensystems mit mobilisierenden und stabilisierenden \u00dcbungen und Techniken zur Verbesserung der passiven Beweglichkeit, der Muskeltonus \u2013 Regulierung sowie zur Kr\u00e4ftigung und Aktivierung geschw\u00e4chter Muskulatur. &hellip; <\/p>\n<p class=\"link-more\"><a href=\"https:\/\/www.physiotherapie-blumenthal.de\/?page_id=71\" class=\"more-link\"><span class=\"screen-reader-text\">\u201eUnser Angebot\u201c <\/span>weiterlesen<\/a><\/p>\n","protected":false},"author":1,"featured_media":0,"parent":0,"menu_order":0,"comment_status":"closed","ping_status":"closed","template":"","meta":{"footnotes":""},"class_list":["post-71","page","type-page","status-publish","hentry"],"_links":{"self":[{"href":"https:\/\/www.physiotherapie-blumenthal.de\/index.php?rest_route=\/wp\/v2\/pages\/71","targetHints":{"allow":["GET"]}}],"collection":[{"href":"https:\/\/www.physiotherapie-blumenthal.de\/index.php?rest_route=\/wp\/v2\/pages"}],"about":[{"href":"https:\/\/www.physiotherapie-blumenthal.de\/index.php?rest_route=\/wp\/v2\/types\/page"}],"author":[{"embeddable":true,"href":"https:\/\/www.physiotherapie-blumenthal.de\/index.php?rest_route=\/wp\/v2\/users\/1"}],"replies":[{"embeddable":true,"href":"https:\/\/www.physiotherapie-blumenthal.de\/index.php?rest_route=%2Fwp%2Fv2%2Fcomments&post=71"}],"version-history":[{"count":16,"href":"https:\/\/www.physiotherapie-blumenthal.de\/index.php?rest_route=\/wp\/v2\/pages\/71\/revisions"}],"predecessor-version":[{"id":271,"href":"https:\/\/www.physiotherapie-blumenthal.de\/index.php?rest_route=\/wp\/v2\/pages\/71\/revisions\/271"}],"wp:attachment":[{"href":"https:\/\/www.physiotherapie-blumenthal.de\/index.php?rest_route=%2Fwp%2Fv2%2Fmedia&parent=71"}],"curies":[{"name":"wp","href":"https:\/\/api.w.org\/{rel}","templated":true}]}}