{"id":233,"date":"2020-09-16T12:05:00","date_gmt":"2020-09-16T10:05:00","guid":{"rendered":"http:\/\/www.physiotherapie-blumenthal.de\/?page_id=233"},"modified":"2020-09-16T12:01:33","modified_gmt":"2020-09-16T10:01:33","slug":"stellenangebot","status":"publish","type":"page","link":"https:\/\/www.physiotherapie-blumenthal.de\/?page_id=233","title":{"rendered":"Stellenangebot"},"content":{"rendered":"\n<p>Ab sofort oder sp\u00e4ter suchen wir eine\/n<\/p>\n\n\n\n<p><strong>Physiotherapeut\/in<\/strong> (M\/W\/D)<br>In Teil \u2013 oder Vollzeit<\/p>\n\n\n\n<p>\u00dcber eine Bobath Zusatzqualifikation w\u00fcrden wir uns freuen, eine Voraussetzung ist diese aber nicht.<br>Wir bieten optimale Bedingungen, eine \u00fcberdurchschnittliche Bezahlung und eine angenehme Arbeitsatmosph\u00e4re in abwechslungsreichen Praxisfeldern,<br>Eine Rezeptionsfachkraft unterst\u00fctzt Sie bei der Organisation und Planung der Behandlungen.<br>Sechs moderne Behandlungsr\u00e4ume bieten optimale Arbeitsbedinungen.<br>Ein Firmenfahrzeug f\u00fcr Haus \u2013 und Heimbesuche steht zur Verf\u00fcgung.<br>Wir unterst\u00fctzen Ihre Fortbildungsinteressen und beteiligen uns an den Kosten.<\/p>\n\n\n\n<p>Wenn Sie sich angesprochen f\u00fchlen, senden Sie bitte Ihre aussagekr\u00e4ftige Bewerbung an:<\/p>\n\n\n\n<p>Praxis f\u00fcr Physiotherapie und Massage<br>Ana Ehmke &amp; Team<br>Neuenkirchener Weg 14<br>28779 Bremen<\/p>\n","protected":false},"excerpt":{"rendered":"<p>Ab sofort oder sp\u00e4ter suchen wir eine\/n Physiotherapeut\/in (M\/W\/D)In Teil \u2013 oder Vollzeit \u00dcber eine Bobath Zusatzqualifikation w\u00fcrden wir uns freuen, eine Voraussetzung ist diese aber nicht.Wir bieten optimale Bedingungen, eine \u00fcberdurchschnittliche Bezahlung und eine angenehme Arbeitsatmosph\u00e4re in abwechslungsreichen Praxisfeldern,Eine Rezeptionsfachkraft unterst\u00fctzt Sie bei der Organisation und Planung der Behandlungen.Sechs moderne Behandlungsr\u00e4ume bieten optimale Arbeitsbedinungen.Ein &hellip; <\/p>\n<p class=\"link-more\"><a href=\"https:\/\/www.physiotherapie-blumenthal.de\/?page_id=233\" class=\"more-link\"><span class=\"screen-reader-text\">\u201eStellenangebot\u201c <\/span>weiterlesen<\/a><\/p>\n","protected":false},"author":1,"featured_media":0,"parent":0,"menu_order":0,"comment_status":"closed","ping_status":"closed","template":"","meta":{"footnotes":""},"class_list":["post-233","page","type-page","status-publish","hentry"],"_links":{"self":[{"href":"https:\/\/www.physiotherapie-blumenthal.de\/index.php?rest_route=\/wp\/v2\/pages\/233","targetHints":{"allow":["GET"]}}],"collection":[{"href":"https:\/\/www.physiotherapie-blumenthal.de\/index.php?rest_route=\/wp\/v2\/pages"}],"about":[{"href":"https:\/\/www.physiotherapie-blumenthal.de\/index.php?rest_route=\/wp\/v2\/types\/page"}],"author":[{"embeddable":true,"href":"https:\/\/www.physiotherapie-blumenthal.de\/index.php?rest_route=\/wp\/v2\/users\/1"}],"replies":[{"embeddable":true,"href":"https:\/\/www.physiotherapie-blumenthal.de\/index.php?rest_route=%2Fwp%2Fv2%2Fcomments&post=233"}],"version-history":[{"count":3,"href":"https:\/\/www.physiotherapie-blumenthal.de\/index.php?rest_route=\/wp\/v2\/pages\/233\/revisions"}],"predecessor-version":[{"id":243,"href":"https:\/\/www.physiotherapie-blumenthal.de\/index.php?rest_route=\/wp\/v2\/pages\/233\/revisions\/243"}],"wp:attachment":[{"href":"https:\/\/www.physiotherapie-blumenthal.de\/index.php?rest_route=%2Fwp%2Fv2%2Fmedia&parent=233"}],"curies":[{"name":"wp","href":"https:\/\/api.w.org\/{rel}","templated":true}]}}